{"id":28,"date":"2021-08-12T05:39:10","date_gmt":"2021-08-12T05:39:10","guid":{"rendered":"https:\/\/shop.agilcon.eu\/?post_type=product&#038;p=28"},"modified":"2022-06-24T08:44:23","modified_gmt":"2022-06-24T06:44:23","slug":"temno-vijolicen-gecko","status":"publish","type":"product","link":"https:\/\/shop.agilcon.eu\/index.php\/product\/temno-vijolicen-gecko\/","title":{"rendered":"Temno Vijoli\u010den Gecko"},"content":{"rendered":"<p><script>\n  _etmc.push([\"setOrgId\", \"100013532\"]);\nconst queryString = window.location.search;\nconst urlParams = new URLSearchParams(queryString);\nconst customerId = urlParams.get('cid')\nif(customerId\t != null){\n\t_etmc.push([\"setUserInfo\", {\"email\": customerId}]);\n}\t\n  _etmc.push([\"trackPageView\", { \"item\" : \"gecko_tvijolicen123\" }]);\n_etmc.push([\"trackPageView\", { \"category\" : \"Gecko2\" }]);\n<\/script><\/p>\n","protected":false},"excerpt":{"rendered":"<p>Pli\u0161asta \u017eival v temno vijoli\u010dni barvi.<\/p>\n","protected":false},"featured_media":41,"comment_status":"closed","ping_status":"closed","template":"","meta":{"spay_email":""},"class_list":["post-28","product","type-product","status-publish","has-post-thumbnail","hentry","product_cat-gecko"],"yoast_head":"<!-- This site is optimized with the Yoast SEO plugin v16.3 - https:\/\/yoast.com\/wordpress\/plugins\/seo\/ -->\n<title>Temno Vijoli\u010den Gecko - Test Shop<\/title>\n<meta name=\"robots\" content=\"index, follow, max-snippet:-1, max-image-preview:large, max-video-preview:-1\" \/>\n<link rel=\"canonical\" href=\"https:\/\/shop.agilcon.eu\/index.php\/product\/temno-vijolicen-gecko\/\" \/>\n<meta property=\"og:locale\" content=\"en_US\" \/>\n<meta property=\"og:type\" content=\"article\" \/>\n<meta property=\"og:title\" content=\"Temno Vijoli\u010den Gecko - Test Shop\" \/>\n<meta property=\"og:description\" content=\"Pli\u0161asta \u017eival v temno vijoli\u010dni barvi.\" \/>\n<meta property=\"og:url\" content=\"https:\/\/shop.agilcon.eu\/index.php\/product\/temno-vijolicen-gecko\/\" \/>\n<meta property=\"og:site_name\" content=\"Test Shop\" \/>\n<meta property=\"article:modified_time\" content=\"2022-06-24T06:44:23+00:00\" \/>\n<meta property=\"og:image\" content=\"https:\/\/shop.agilcon.eu\/wp-content\/uploads\/2021\/08\/DSC6113-scaled.jpg\" \/>\n\t<meta property=\"og:image:width\" content=\"2560\" \/>\n\t<meta property=\"og:image:height\" content=\"1440\" \/>\n<meta name=\"twitter:card\" content=\"summary_large_image\" \/>\n<script type=\"application\/ld+json\" class=\"yoast-schema-graph\">{\"@context\":\"https:\/\/schema.org\",\"@graph\":[{\"@type\":\"WebSite\",\"@id\":\"https:\/\/shop.agilcon.eu\/#website\",\"url\":\"https:\/\/shop.agilcon.eu\/\",\"name\":\"Test Shop\",\"description\":\"Just another WordPress site\",\"potentialAction\":[{\"@type\":\"SearchAction\",\"target\":\"https:\/\/shop.agilcon.eu\/?s={search_term_string}\",\"query-input\":\"required name=search_term_string\"}],\"inLanguage\":\"en-US\"},{\"@type\":\"ImageObject\",\"@id\":\"https:\/\/shop.agilcon.eu\/index.php\/product\/temno-vijolicen-gecko\/#primaryimage\",\"inLanguage\":\"en-US\",\"url\":\"https:\/\/shop.agilcon.eu\/wp-content\/uploads\/2021\/08\/DSC6113-scaled.jpg\",\"contentUrl\":\"https:\/\/shop.agilcon.eu\/wp-content\/uploads\/2021\/08\/DSC6113-scaled.jpg\",\"width\":2560,\"height\":1440},{\"@type\":\"WebPage\",\"@id\":\"https:\/\/shop.agilcon.eu\/index.php\/product\/temno-vijolicen-gecko\/#webpage\",\"url\":\"https:\/\/shop.agilcon.eu\/index.php\/product\/temno-vijolicen-gecko\/\",\"name\":\"Temno Vijoli\\u010den Gecko - Test Shop\",\"isPartOf\":{\"@id\":\"https:\/\/shop.agilcon.eu\/#website\"},\"primaryImageOfPage\":{\"@id\":\"https:\/\/shop.agilcon.eu\/index.php\/product\/temno-vijolicen-gecko\/#primaryimage\"},\"datePublished\":\"2021-08-12T05:39:10+00:00\",\"dateModified\":\"2022-06-24T06:44:23+00:00\",\"breadcrumb\":{\"@id\":\"https:\/\/shop.agilcon.eu\/index.php\/product\/temno-vijolicen-gecko\/#breadcrumb\"},\"inLanguage\":\"en-US\",\"potentialAction\":[{\"@type\":\"ReadAction\",\"target\":[\"https:\/\/shop.agilcon.eu\/index.php\/product\/temno-vijolicen-gecko\/\"]}]},{\"@type\":\"BreadcrumbList\",\"@id\":\"https:\/\/shop.agilcon.eu\/index.php\/product\/temno-vijolicen-gecko\/#breadcrumb\",\"itemListElement\":[{\"@type\":\"ListItem\",\"position\":1,\"item\":{\"@type\":\"WebPage\",\"@id\":\"https:\/\/shop.agilcon.eu\/\",\"url\":\"https:\/\/shop.agilcon.eu\/\",\"name\":\"Home\"}},{\"@type\":\"ListItem\",\"position\":2,\"item\":{\"@type\":\"WebPage\",\"@id\":\"https:\/\/shop.agilcon.eu\/\",\"url\":\"https:\/\/shop.agilcon.eu\/\",\"name\":\"Shop\"}},{\"@type\":\"ListItem\",\"position\":3,\"item\":{\"@id\":\"https:\/\/shop.agilcon.eu\/index.php\/product\/temno-vijolicen-gecko\/#webpage\"}}]}]}<\/script>\n<!-- \/ Yoast SEO plugin. -->","_links":{"self":[{"href":"https:\/\/shop.agilcon.eu\/index.php\/wp-json\/wp\/v2\/product\/28","targetHints":{"allow":["GET"]}}],"collection":[{"href":"https:\/\/shop.agilcon.eu\/index.php\/wp-json\/wp\/v2\/product"}],"about":[{"href":"https:\/\/shop.agilcon.eu\/index.php\/wp-json\/wp\/v2\/types\/product"}],"replies":[{"embeddable":true,"href":"https:\/\/shop.agilcon.eu\/index.php\/wp-json\/wp\/v2\/comments?post=28"}],"wp:featuredmedia":[{"embeddable":true,"href":"https:\/\/shop.agilcon.eu\/index.php\/wp-json\/wp\/v2\/media\/41"}],"wp:attachment":[{"href":"https:\/\/shop.agilcon.eu\/index.php\/wp-json\/wp\/v2\/media?parent=28"}],"curies":[{"name":"wp","href":"https:\/\/api.w.org\/{rel}","templated":true}]}}